{"id":12,"date":"2022-09-08T21:52:30","date_gmt":"2022-09-06T23:56:39","guid":{"rendered":"https:\/\/drluisreyescolumna.com\/?page_id=12"},"modified":"2022-10-20T00:36:09","modified_gmt":"2022-10-20T00:36:09","slug":"perfil-medico","status":"publish","type":"page","link":"https:\/\/drluisreyescolumna.com\/index.php\/perfil-medico\/","title":{"rendered":"Perfil M\u00e9dico"},"content":{"rendered":"<p>[et_pb_section fb_built=\u00bb1&#8243; custom_padding_last_edited=\u00bbon|tablet\u00bb next_background_color=\u00bb#ffffff\u00bb admin_label=\u00bbHero\u00bb _builder_version=\u00bb4.18.0&#8243; use_background_color_gradient=\u00bbon\u00bb background_color_gradient_type=\u00bbcircular\u00bb background_color_gradient_direction_radial=\u00bbtop right\u00bb background_color_gradient_stops=\u00bbrgba(255,255,255,0) 20%|rgba(1,77,183,0.9) 100%\u00bb background_color_gradient_overlays_image=\u00bbon\u00bb background_color_gradient_start=\u00bbrgba(255,255,255,0)\u00bb background_color_gradient_start_position=\u00bb20%\u00bb background_color_gradient_end=\u00bbrgba(1,77,183,0.9)\u00bb background_image=\u00bbhttps:\/\/drluisreyescolumna.com\/wp-content\/uploads\/2022\/10\/d2-scaled.jpg\u00bb custom_padding=\u00bb110px|0px|110px|0px|true|false\u00bb custom_padding_tablet=\u00bb50px||50px||true\u00bb custom_padding_phone=\u00bb|||\u00bb bottom_divider_style=\u00bbasymmetric\u00bb bottom_divider_height=\u00bb50px\u00bb bottom_divider_flip=\u00bbhorizontal\u00bb bottom_divider_height_tablet=\u00bb90px\u00bb bottom_divider_height_phone=\u00bb80px\u00bb global_colors_info=\u00bb{}\u00bb][et_pb_row column_structure=\u00bb2_3,1_3&#8243; _builder_version=\u00bb4.16&#8243; custom_width_px=\u00bb1280px\u00bb global_colors_info=\u00bb{}\u00bb][et_pb_column type=\u00bb2_3&#8243; _builder_version=\u00bb4.16&#8243; custom_padding=\u00bb|||\u00bb global_colors_info=\u00bb{}\u00bb custom_padding__hover=\u00bb|||\u00bb][et_pb_text _builder_version=\u00bb4.16&#8243; text_font=\u00bbMontserrat||||||||\u00bb text_text_color=\u00bbrgba(255,255,255,0.7)\u00bb text_font_size=\u00bb20px\u00bb text_line_height=\u00bb1.8em\u00bb header_font=\u00bbMontserrat|700|||||||\u00bb header_font_size=\u00bb44px\u00bb header_line_height=\u00bb1.4em\u00bb header_6_font=\u00bbMontserrat|600||on|||||\u00bb header_6_text_color=\u00bbrgba(255,255,255,0.7)\u00bb header_6_font_size=\u00bb16px\u00bb header_6_letter_spacing=\u00bb2px\u00bb header_6_line_height=\u00bb1.5em\u00bb background_layout=\u00bbdark\u00bb max_width=\u00bb780px\u00bb text_font_size_tablet=\u00bb\u00bb text_font_size_phone=\u00bb15px\u00bb text_font_size_last_edited=\u00bbon|phone\u00bb header_font_size_tablet=\u00bb\u00bb header_font_size_phone=\u00bb28px\u00bb header_font_size_last_edited=\u00bbon|phone\u00bb global_colors_info=\u00bb{}\u00bb]<\/p>\n<h1>Dr. Luis Alberto Reyes Santiago<\/h1>\n<p>Ortopedista, Traumat\u00f3logo, Cirujano de Columna<\/p>\n<p>[\/et_pb_text][\/et_pb_column][et_pb_column type=\u00bb1_3&#8243; _builder_version=\u00bb4.16&#8243; custom_padding=\u00bb|||\u00bb global_colors_info=\u00bb{}\u00bb custom_padding__hover=\u00bb|||\u00bb][\/et_pb_column][\/et_pb_row][et_pb_row column_structure=\u00bb1_3,1_3,1_3&#8243; use_custom_gutter=\u00bbon\u00bb gutter_width=\u00bb2&#8243; admin_label=\u00bbFeatures\u00bb _builder_version=\u00bb4.16&#8243; custom_margin=\u00bb30px|||\u00bb custom_width_px=\u00bb1280px\u00bb global_colors_info=\u00bb{}\u00bb][et_pb_column type=\u00bb1_3&#8243; _builder_version=\u00bb4.16&#8243; custom_padding=\u00bb|||\u00bb global_colors_info=\u00bb{}\u00bb custom_padding__hover=\u00bb|||\u00bb][et_pb_blurb title=\u00bbCONSULTA DE COLUMNA\u00bb use_icon=\u00bbon\u00bb font_icon=\u00bb&#xf5b8;||fa||900&#8243; icon_color=\u00bb#FFFFFF\u00bb icon_placement=\u00bbleft\u00bb image_icon_width=\u00bb70px\u00bb content_max_width=\u00bb1100px\u00bb _builder_version=\u00bb4.18.0&#8243; header_font=\u00bbMontserrat|600|||||||\u00bb header_line_height=\u00bb1.5em\u00bb body_font=\u00bbMontserrat||||||||\u00bb body_line_height=\u00bb1.8em\u00bb background_color=\u00bbRGBA(255,255,255,0)\u00bb background_layout=\u00bbdark\u00bb custom_margin=\u00bb||12px|\u00bb animation_style=\u00bbfold\u00bb animation_intensity_fold=\u00bb30%\u00bb image_max_width=\u00bb70px\u00bb global_colors_info=\u00bb{}\u00bb]<\/p>\n<p style=\"text-align: justify;\">M\u00e9dico certificado para el manejo de estas patolog\u00edas, y cuento con especializaci\u00f3n en tratamientos del dolor mediante tratamientos conservadores.<\/p>\n<p>[\/et_pb_blurb][\/et_pb_column][et_pb_column type=\u00bb1_3&#8243; _builder_version=\u00bb4.16&#8243; custom_padding=\u00bb|||\u00bb global_colors_info=\u00bb{}\u00bb custom_padding__hover=\u00bb|||\u00bb][et_pb_blurb title=\u00bbCONSULTA ORTOPEDICA\u00bb use_icon=\u00bbon\u00bb font_icon=\u00bb&#xf80d;||fa||900&#8243; icon_color=\u00bb#FFFFFF\u00bb image_icon_background_color=\u00bbRGBA(255,255,255,0)\u00bb icon_placement=\u00bbleft\u00bb image_icon_width=\u00bb70px\u00bb content_max_width=\u00bb1100px\u00bb _builder_version=\u00bb4.18.0&#8243; header_font=\u00bbMontserrat|600|||||||\u00bb header_line_height=\u00bb1.5em\u00bb body_font=\u00bbMontserrat||||||||\u00bb body_line_height=\u00bb1.8em\u00bb background_layout=\u00bbdark\u00bb custom_margin=\u00bb||12px|\u00bb animation_style=\u00bbfold\u00bb animation_delay=\u00bb150ms\u00bb animation_intensity_fold=\u00bb30%\u00bb image_max_width=\u00bb70px\u00bb global_colors_info=\u00bb{}\u00bb]<\/p>\n<p style=\"text-align: justify;\">Solicite una consulta para platicar sobre su condici\u00f3n, as\u00ed como nuestras opciones de tratamiento y lo m\u00e1s importante darle un diagn\u00f3stico adecuado.<\/p>\n<p>[\/et_pb_blurb][\/et_pb_column][et_pb_column type=\u00bb1_3&#8243; _builder_version=\u00bb4.16&#8243; custom_padding=\u00bb|||\u00bb global_colors_info=\u00bb{}\u00bb custom_padding__hover=\u00bb|||\u00bb][et_pb_blurb title=\u00bbQUIR\u00daRGICOS\u00bb image=\u00bbhttps:\/\/drluisreyescolumna.com\/wp-content\/uploads\/2022\/10\/pharmacy-health-white.png\u00bb icon_placement=\u00bbleft\u00bb image_icon_width=\u00bb70px\u00bb content_max_width=\u00bb1100px\u00bb _builder_version=\u00bb4.18.0&#8243; header_font=\u00bbMontserrat|600|||||||\u00bb header_line_height=\u00bb1.5em\u00bb body_font=\u00bbMontserrat||||||||\u00bb body_line_height=\u00bb1.8em\u00bb background_layout=\u00bbdark\u00bb custom_margin=\u00bb||12px|\u00bb animation_style=\u00bbfold\u00bb animation_delay=\u00bb300ms\u00bb animation_intensity_fold=\u00bb30%\u00bb image_max_width=\u00bb70px\u00bb global_colors_info=\u00bb{}\u00bb]<\/p>\n<p style=\"text-align: justify;\">El Objetivo del tratamiento quir\u00fargico ser\u00e1 corregir las anomal\u00edas estructurales de la columna vertebral. Los cuales son el origen del dolor o las alteraciones funcionales.<\/p>\n<p>[\/et_pb_blurb][\/et_pb_column][\/et_pb_row][\/et_pb_section][et_pb_section fb_built=\u00bb1&#8243; admin_label=\u00bbAbout\u00bb _builder_version=\u00bb4.18.0&#8243; use_background_color_gradient=\u00bbon\u00bb background_color_gradient_direction=\u00bb90deg\u00bb background_color_gradient_stops=\u00bbrgba(255,255,255,0) 0%|#ffffff 50%\u00bb background_color_gradient_overlays_image=\u00bbon\u00bb background_color_gradient_start=\u00bbrgba(255,255,255,0)\u00bb background_color_gradient_end=\u00bb#ffffff\u00bb background_color_gradient_end_position=\u00bb50%\u00bb background_image=\u00bbhttps:\/\/drluisreyescolumna.com\/wp-content\/uploads\/2022\/10\/pharmacy-15.jpg\u00bb background_position=\u00bbcenter_left\u00bb background_horizontal_offset=\u00bb100%\u00bb background_blend=\u00bboverlay\u00bb global_colors_info=\u00bb{}\u00bb][et_pb_row column_structure=\u00bb1_2,1_2&#8243; _builder_version=\u00bb4.16&#8243; global_colors_info=\u00bb{}\u00bb][et_pb_column type=\u00bb1_2&#8243; _builder_version=\u00bb4.16&#8243; custom_padding=\u00bb|||\u00bb global_colors_info=\u00bb{}\u00bb custom_padding__hover=\u00bb|||\u00bb][et_pb_image src=\u00bbhttps:\/\/drluisreyescolumna.com\/wp-content\/uploads\/2022\/10\/d1-scaled.jpg\u00bb title_text=\u00bbd1&#8243; _builder_version=\u00bb4.18.0&#8243; _module_preset=\u00bbdefault\u00bb animation_style=\u00bbfade\u00bb box_shadow_style=\u00bbpreset1&#8243; global_colors_info=\u00bb{}\u00bb][\/et_pb_image][\/et_pb_column][et_pb_column type=\u00bb1_2&#8243; _builder_version=\u00bb4.16&#8243; custom_padding=\u00bb|||\u00bb global_colors_info=\u00bb{}\u00bb custom_padding__hover=\u00bb|||\u00bb][et_pb_text _builder_version=\u00bb4.18.0&#8243; text_font=\u00bbMontserrat||||||||\u00bb text_font_size=\u00bb16px\u00bb text_line_height=\u00bb1.8em\u00bb link_font=\u00bbMontserrat|700|||||||\u00bb link_text_color=\u00bb#fa546d\u00bb link_font_size=\u00bb22px\u00bb link_line_height=\u00bb1.5em\u00bb header_font=\u00bb||||||||\u00bb header_2_font=\u00bbMontserrat|700|||||||\u00bb header_2_font_size=\u00bb40px\u00bb header_2_line_height=\u00bb1.4em\u00bb header_6_font=\u00bbMontserrat|600||on|||||\u00bb header_6_text_color=\u00bb#ffb342&#8243; header_6_font_size=\u00bb16px\u00bb header_6_letter_spacing=\u00bb2px\u00bb header_6_line_height=\u00bb1.5em\u00bb max_width_last_edited=\u00bboff|desktop\u00bb module_alignment=\u00bbleft\u00bb custom_margin=\u00bb|||\u00bb custom_padding=\u00bb|||\u00bb header_2_font_size_tablet=\u00bb\u00bb header_2_font_size_phone=\u00bb24px\u00bb header_2_font_size_last_edited=\u00bbon|phone\u00bb global_colors_info=\u00bb{}\u00bb]<\/p>\n<h6>Atenci\u00f3n m\u00e9dica humana y de excelencia<\/h6>\n<h2>Ortopedista, Especialista en Cirug\u00eda de Columna<\/h2>\n<p style=\"text-align: justify;\">Soy un profesional de la salud especializado en ortopedia y traumatolog\u00eda y que posteriormente realizo una subespecialidad en cirug\u00eda de columna. Estoy certificado por el <strong>Consejo Mexicano de Ortopedia y Traumatolog\u00eda<\/strong> y por la <strong>Asociaci\u00f3n Mexicana de Cirujanos de Columna.<\/strong> A nivel internacional soy miembro de <strong>North America Spine Society.<\/strong><\/p>\n<p style=\"text-align: justify;\">Me especializo en padecimientos de la columna vertebral que incluye cuello, espalda baja, y columna dorsal. En patolog\u00edas como hernias de disco, espondilolistesis, escoliosis, conducto cervical o lumbar estrecho, ci\u00e1tica, radiculopat\u00eda de la columna cervical o lumbar, fracturas por compresi\u00f3n de la columna vertebral, fracturas y luxaciones de la columna vertebral, compresi\u00f3n severa de la m\u00e9dula espinal y ra\u00edces nerviosas, dolor articular de la columna vertebral (s\u00edndrome facetario, sacroileitis), estenosis de la columna vertebral, osteoporosis asociada a fracturas de la columna vertebral, met\u00e1stasis a columna vertebral as\u00ed como infecciones de la columna.<\/p>\n<p>[\/et_pb_text][et_pb_button button_url=\u00bb@ET-DC@eyJkeW5hbWljIjp0cnVlLCJjb250ZW50IjoicG9zdF9saW5rX3VybF9wYWdlIiwic2V0dGluZ3MiOnsicG9zdF9pZCI6IjE3NiJ9fQ==@\u00bb button_text=\u00bbConocer m\u00e1s\u00bb _builder_version=\u00bb4.18.0&#8243; _dynamic_attributes=\u00bbbutton_url\u00bb custom_button=\u00bbon\u00bb button_text_size=\u00bb14px\u00bb button_bg_color=\u00bb#ff5473&#8243; button_border_width=\u00bb12px\u00bb button_border_color=\u00bbrgba(0,0,0,0)\u00bb button_border_radius=\u00bb100px\u00bb button_font=\u00bbMontserrat|700|||||||\u00bb button_use_icon=\u00bboff\u00bb background_layout=\u00bbdark\u00bb hover_enabled=\u00bb0&#8243; box_shadow_style=\u00bbpreset3&#8243; button_border_radius_hover=\u00bb100px\u00bb button_bg_color_hover=\u00bb#ff6b86&#8243; global_colors_info=\u00bb{}\u00bb button_text_size__hover_enabled=\u00bboff\u00bb button_one_text_size__hover_enabled=\u00bboff\u00bb button_two_text_size__hover_enabled=\u00bboff\u00bb button_text_color__hover_enabled=\u00bboff\u00bb button_one_text_color__hover_enabled=\u00bboff\u00bb button_two_text_color__hover_enabled=\u00bboff\u00bb button_border_width__hover_enabled=\u00bboff\u00bb button_one_border_width__hover_enabled=\u00bboff\u00bb button_two_border_width__hover_enabled=\u00bboff\u00bb button_border_color__hover_enabled=\u00bboff\u00bb button_one_border_color__hover_enabled=\u00bboff\u00bb button_two_border_color__hover_enabled=\u00bboff\u00bb button_border_radius__hover_enabled=\u00bbon\u00bb button_border_radius__hover=\u00bb100px\u00bb button_one_border_radius__hover_enabled=\u00bboff\u00bb button_two_border_radius__hover_enabled=\u00bboff\u00bb button_letter_spacing__hover_enabled=\u00bboff\u00bb button_one_letter_spacing__hover_enabled=\u00bboff\u00bb button_two_letter_spacing__hover_enabled=\u00bboff\u00bb button_bg_color__hover_enabled=\u00bbon\u00bb button_bg_color__hover=\u00bb#ff6b86&#8243; button_one_bg_color__hover_enabled=\u00bboff\u00bb button_two_bg_color__hover_enabled=\u00bboff\u00bb sticky_enabled=\u00bb0&#8243;][\/et_pb_button][\/et_pb_column][\/et_pb_row][\/et_pb_section]<\/p>\n","protected":false},"excerpt":{"rendered":"<p>Dr. Luis Alberto Reyes Santiago Ortopedista, Traumat\u00f3logo, Cirujano de ColumnaM\u00e9dico certificado para el manejo de estas patolog\u00edas, y cuento con especializaci\u00f3n en tratamientos del dolor mediante tratamientos conservadores.Solicite una consulta para platicar sobre su condici\u00f3n, as\u00ed como nuestras opciones de tratamiento y lo m\u00e1s importante darle un diagn\u00f3stico adecuado.El Objetivo del tratamiento quir\u00fargico ser\u00e1 corregir [&hellip;]<\/p>\n","protected":false},"author":1,"featured_media":0,"parent":0,"menu_order":2,"comment_status":"closed","ping_status":"closed","template":"","meta":{"_et_pb_use_builder":"on","_et_pb_old_content":"","_et_gb_content_width":"","footnotes":""},"class_list":["post-12","page","type-page","status-publish","hentry"],"_links":{"self":[{"href":"https:\/\/drluisreyescolumna.com\/index.php\/wp-json\/wp\/v2\/pages\/12","targetHints":{"allow":["GET"]}}],"collection":[{"href":"https:\/\/drluisreyescolumna.com\/index.php\/wp-json\/wp\/v2\/pages"}],"about":[{"href":"https:\/\/drluisreyescolumna.com\/index.php\/wp-json\/wp\/v2\/types\/page"}],"author":[{"embeddable":true,"href":"https:\/\/drluisreyescolumna.com\/index.php\/wp-json\/wp\/v2\/users\/1"}],"replies":[{"embeddable":true,"href":"https:\/\/drluisreyescolumna.com\/index.php\/wp-json\/wp\/v2\/comments?post=12"}],"version-history":[{"count":7,"href":"https:\/\/drluisreyescolumna.com\/index.php\/wp-json\/wp\/v2\/pages\/12\/revisions"}],"predecessor-version":[{"id":184,"href":"https:\/\/drluisreyescolumna.com\/index.php\/wp-json\/wp\/v2\/pages\/12\/revisions\/184"}],"wp:attachment":[{"href":"https:\/\/drluisreyescolumna.com\/index.php\/wp-json\/wp\/v2\/media?parent=12"}],"curies":[{"name":"wp","href":"https:\/\/api.w.org\/{rel}","templated":true}]}}