{"id":208,"date":"2022-10-20T23:09:07","date_gmt":"2022-10-20T23:09:07","guid":{"rendered":"https:\/\/drluisreyescolumna.com\/?page_id=208"},"modified":"2022-10-27T21:58:28","modified_gmt":"2022-10-27T21:58:28","slug":"quirurgicos","status":"publish","type":"page","link":"https:\/\/drluisreyescolumna.com\/index.php\/quirurgicos\/","title":{"rendered":"Quir\u00fargicos"},"content":{"rendered":"<p>[et_pb_section fb_built=\u00bb1&#8243; custom_padding_last_edited=\u00bbon|tablet\u00bb next_background_color=\u00bb#FFFFFF\u00bb admin_label=\u00bbHero\u00bb _builder_version=\u00bb4.18.0&#8243; use_background_color_gradient=\u00bbon\u00bb background_color_gradient_type=\u00bbcircular\u00bb background_color_gradient_direction_radial=\u00bbtop right\u00bb background_color_gradient_stops=\u00bbrgba(255,255,255,0) 20%|rgba(1,77,183,0.9) 100%\u00bb background_color_gradient_overlays_image=\u00bbon\u00bb background_color_gradient_start=\u00bbrgba(255,255,255,0)\u00bb background_color_gradient_start_position=\u00bb20%\u00bb background_color_gradient_end=\u00bbrgba(1,77,183,0.9)\u00bb background_image=\u00bbhttps:\/\/drluisreyescolumna.com\/wp-content\/uploads\/2022\/10\/banner-quirur.png\u00bb custom_padding=\u00bb110px|0px|160px|0px|false|false\u00bb custom_padding_tablet=\u00bb50px||50px||true\u00bb custom_padding_phone=\u00bb|||\u00bb bottom_divider_style=\u00bbasymmetric\u00bb bottom_divider_height=\u00bb50px\u00bb bottom_divider_flip=\u00bbhorizontal\u00bb bottom_divider_height_tablet=\u00bb90px\u00bb bottom_divider_height_phone=\u00bb80px\u00bb global_colors_info=\u00bb{}\u00bb][et_pb_row column_structure=\u00bb2_3,1_3&#8243; _builder_version=\u00bb4.16&#8243; custom_width_px=\u00bb1280px\u00bb global_colors_info=\u00bb{}\u00bb][et_pb_column type=\u00bb2_3&#8243; _builder_version=\u00bb4.16&#8243; custom_padding=\u00bb|||\u00bb global_colors_info=\u00bb{}\u00bb custom_padding__hover=\u00bb|||\u00bb][et_pb_text _builder_version=\u00bb4.18.0&#8243; text_font=\u00bbMontserrat||||||||\u00bb text_text_color=\u00bbrgba(255,255,255,0.7)\u00bb text_font_size=\u00bb20px\u00bb text_line_height=\u00bb1.8em\u00bb header_font=\u00bbMontserrat|700|||||||\u00bb header_font_size=\u00bb44px\u00bb header_line_height=\u00bb1.4em\u00bb header_6_font=\u00bbMontserrat|600||on|||||\u00bb header_6_text_color=\u00bbrgba(255,255,255,0.7)\u00bb header_6_font_size=\u00bb16px\u00bb header_6_letter_spacing=\u00bb2px\u00bb header_6_line_height=\u00bb1.5em\u00bb background_layout=\u00bbdark\u00bb max_width=\u00bb780px\u00bb text_font_size_tablet=\u00bb\u00bb text_font_size_phone=\u00bb15px\u00bb text_font_size_last_edited=\u00bbon|phone\u00bb header_font_size_tablet=\u00bb\u00bb header_font_size_phone=\u00bb28px\u00bb header_font_size_last_edited=\u00bbon|phone\u00bb global_colors_info=\u00bb{}\u00bb]<\/p>\n<h6>Tratamientos<\/h6>\n<h1>Quir\u00fargicos<\/h1>\n<p>[\/et_pb_text][\/et_pb_column][et_pb_column type=\u00bb1_3&#8243; _builder_version=\u00bb4.16&#8243; custom_padding=\u00bb|||\u00bb global_colors_info=\u00bb{}\u00bb custom_padding__hover=\u00bb|||\u00bb][\/et_pb_column][\/et_pb_row][\/et_pb_section][et_pb_section fb_built=\u00bb1&#8243; admin_label=\u00bbServices\u00bb _builder_version=\u00bb4.18.0&#8243; background_color=\u00bb#FFFFFF\u00bb use_background_color_gradient=\u00bbon\u00bb background_color_gradient_direction=\u00bb0deg\u00bb background_color_gradient_stops=\u00bb#ffffff 0%|#edeffa 100%\u00bb background_color_gradient_start=\u00bb#ffffff\u00bb background_color_gradient_end=\u00bb#edeffa\u00bb custom_padding=\u00bb|||\u00bb global_colors_info=\u00bb{}\u00bb][et_pb_row use_custom_gutter=\u00bbon\u00bb gutter_width=\u00bb2&#8243; custom_padding_last_edited=\u00bboff|desktop\u00bb module_class=\u00bb et_pb_row_fullwidth\u00bb _builder_version=\u00bb4.18.0&#8243; width=\u00bb94%\u00bb width_tablet=\u00bb80%\u00bb width_phone=\u00bb80%\u00bb width_last_edited=\u00bbon|desktop\u00bb max_width=\u00bb94%\u00bb max_width_tablet=\u00bb80%\u00bb max_width_phone=\u00bb80%\u00bb max_width_last_edited=\u00bbon|desktop\u00bb custom_padding=\u00bb16px|||||\u00bb make_fullwidth=\u00bbon\u00bb global_colors_info=\u00bb{}\u00bb][et_pb_column type=\u00bb4_4&#8243; _builder_version=\u00bb4.16&#8243; custom_padding=\u00bb|||\u00bb global_colors_info=\u00bb{}\u00bb custom_padding__hover=\u00bb|||\u00bb][et_pb_blurb url=\u00bb#\u00bb image_icon_background_color=\u00bbrgba(1,77,183,0.9)\u00bb image_icon_width=\u00bb20px\u00bb content_max_width=\u00bb953px\u00bb _builder_version=\u00bb4.18.0&#8243; header_font=\u00bbMontserrat|600|||||||\u00bb header_text_color=\u00bbrgba(1,77,183,0.9)\u00bb header_line_height=\u00bb1.5em\u00bb body_font=\u00bbMontserrat||||||||\u00bb body_text_color=\u00bb#000000&#8243; body_font_size=\u00bb16px\u00bb body_line_height=\u00bb2em\u00bb background_color=\u00bb#FFFFFF\u00bb use_background_color_gradient=\u00bbon\u00bb background_color_gradient_stops=\u00bbrgba(138,182,247,0.3) 0%|#8ab6f7 56%\u00bb background_color_gradient_overlays_image=\u00bbon\u00bb background_color_gradient_start=\u00bbrgba(138,182,247,0.3)\u00bb background_color_gradient_end=\u00bb#8ab6f7&#8243; background_color_gradient_end_position=\u00bb56%\u00bb background_enable_image=\u00bboff\u00bb image_icon_custom_padding=\u00bb25px|25px|25px|25px|false|false\u00bb text_orientation=\u00bbcenter\u00bb background_layout=\u00bbdark\u00bb custom_margin=\u00bb|0px||||\u00bb custom_margin_tablet=\u00bb||30px|\u00bb custom_margin_phone=\u00bb|||\u00bb custom_margin_last_edited=\u00bboff|desktop\u00bb custom_padding=\u00bb50px|20px|50px|20px|true|true\u00bb custom_padding_last_edited=\u00bboff|desktop\u00bb animation_style=\u00bbfold\u00bb animation_intensity_fold=\u00bb30%\u00bb animation=\u00bboff\u00bb border_radii=\u00bbon|6px|6px|6px|6px\u00bb border_radii_image=\u00bbon|100%|100%|100%|100%\u00bb border_width_all_image=\u00bb3px\u00bb border_color_all_image=\u00bbrgba(12,7,8,0)\u00bb icon_font_size=\u00bb20px\u00bb use_circle=\u00bbon\u00bb use_circle_border=\u00bbon\u00bb circle_border_color=\u00bbrgba(12,7,8,0)\u00bb circle_color=\u00bbrgba(1,77,183,0.9)\u00bb locked=\u00bboff\u00bb global_colors_info=\u00bb{}\u00bb image_icon_background_color__sticky_enabled=\u00bb#7EBEC5&#8243; image_icon_background_color__sticky=\u00bb#7EBEC5&#8243;]<\/p>\n<p style=\"text-align: justify;\">El Objetivo del tratamiento quir\u00fargico ser\u00e1 corregir las anomal\u00edas estructurales de la columna vertebral. Los cuales son el origen del dolor o las alteraciones funcionales. Un ejemplo es cuando una hernia discal comprime las estructuras nerviosas y todos los tratamientos no quir\u00fargicos han fracasado, extrayendo el disco herniado permitir\u00e1 eliminar la compresi\u00f3n y aliviar el dolor, as\u00ed como la calidad de vida del paciente.<\/p>\n<p style=\"text-align: justify;\">El Dr. Luis Reyes ofrece diferentes tipos de tratamiento quir\u00fargico no sin antes haber dado un tratamiento conservador adecuado y posterior a realizar un adecuado interrogatorio, revisi\u00f3n del paciente y la realizaci\u00f3n de diferentes estudios de imagen los cuales nos complementaran para dar un diagn\u00f3stico adecuado. El Dr. Luis Reyes siempre realiza sus procedimientos quir\u00fargicos con implantes de \u00faltima tecnolog\u00eda y con monitoreo neurofisiol\u00f3gico y de potenciales evocados equipo que cuida y vigila las estructuras nerviosas durante el procedimiento quir\u00fargico.<\/p>\n<p style=\"text-align: justify;\">Todo paciente sometido a un procedimiento quir\u00fargico es atendido por un equipo multidisciplinario para que el paciente entre en excelentes condiciones y as\u00ed tener mayor \u00e9xito en la cirug\u00eda.<\/p>\n<p>[\/et_pb_blurb][\/et_pb_column][\/et_pb_row][et_pb_row _builder_version=\u00bb4.18.0&#8243; _module_preset=\u00bbdefault\u00bb background_color=\u00bbRGBA(255,255,255,0)\u00bb global_colors_info=\u00bb{}\u00bb][et_pb_column type=\u00bb4_4&#8243; _builder_version=\u00bb4.18.0&#8243; _module_preset=\u00bbdefault\u00bb global_colors_info=\u00bb{}\u00bb][et_pb_toggle title=\u00bbPrincipales T\u00e9cnicas quir\u00fargicas\u00bb open_toggle_text_color=\u00bb#FFFFFF\u00bb _builder_version=\u00bb4.18.0&#8243; _module_preset=\u00bbdefault\u00bb title_text_color=\u00bb#FFFFFF\u00bb title_level=\u00bbh1&#8243; title_text_align=\u00bbcenter\u00bb body_text_color=\u00bb#FFFFFF\u00bb body_font_size=\u00bb18px\u00bb background_color=\u00bb#0C71C3&#8243; global_colors_info=\u00bb{}\u00bb]<\/p>\n<ul>\n<li style=\"text-align: left;\"><span style=\"color: #ffffff;\">Cirug\u00eda de columna lumbar.<\/span><\/li>\n<li><span style=\"color: #ffffff;\">Disectomia.<\/span><\/li>\n<li><span style=\"color: #ffffff;\">Foraminotomia.<\/span><\/li>\n<li><span style=\"color: #ffffff;\">Xifovertebroplastias para tratamiento de fracturas por osteoporosis o met\u00e1stasis.<\/span><\/li>\n<li><span style=\"color: #ffffff;\">Laminotomia.<\/span><\/li>\n<li><span style=\"color: #ffffff;\">Disquectomia abierta o laparoscopica.<\/span><\/li>\n<li><span style=\"color: #ffffff;\">Cirug\u00eda de columna cervical v\u00eda anterior y posterior.<\/span><\/li>\n<li><span style=\"color: #ffffff;\">Cirug\u00eda de columna tor\u00e1cica.<\/span><\/li>\n<li><span style=\"color: #ffffff;\">Ablaci\u00f3n por radiofrecuencia de articulaci\u00f3n facetar\u00eda y sacroiliaca.<\/span><\/li>\n<li><span style=\"color: #ffffff;\">T\u00e9cnicas Percut\u00e1neas (A trav\u00e9s de punciones con agujas finas).<\/span><\/li>\n<li><span style=\"color: #ffffff;\">T\u00e9cnicas Microquir\u00fargicas.<\/span><\/li>\n<li><span style=\"color: #ffffff;\">Cirug\u00eda de columna lumbar mini open.<\/span><\/li>\n<li><span style=\"color: #ffffff;\">Nucleoplastia percut\u00e1nea por radiofrecuencia o qu\u00edmica.<\/span><\/li>\n<li><span style=\"color: #ffffff;\">Instrumentaci\u00f3n percut\u00e1nea m\u00ednimo invasivo.<\/span><\/li>\n<li><span style=\"color: #ffffff;\">T\u00e9cnicas de artrodesis m\u00ednimo invasivos TLIF, XLIF, ALIF.<\/span><\/li>\n<\/ul>\n<p>[\/et_pb_toggle][et_pb_button button_text=\u00bbRegresar\u00bb _builder_version=\u00bb4.18.0&#8243; _module_preset=\u00bbdefault\u00bb button_url=\u00bb@ET-DC@eyJkeW5hbWljIjp0cnVlLCJjb250ZW50IjoicG9zdF9saW5rX3VybF9wYWdlIiwic2V0dGluZ3MiOnsicG9zdF9pZCI6IjE0In19@\u00bb _dynamic_attributes=\u00bbbutton_url\u00bb button_alignment=\u00bbcenter\u00bb custom_button=\u00bbon\u00bb button_text_color=\u00bb#FFFFFF\u00bb button_bg_color=\u00bb#ff5473&#8243; button_bg_enable_color=\u00bbon\u00bb button_border_color=\u00bb#ff5473&#8243; button_border_radius=\u00bb100px\u00bb hover_enabled=\u00bb0&#8243; sticky_enabled=\u00bb0&#8243;][\/et_pb_button][\/et_pb_column][\/et_pb_row][\/et_pb_section]<\/p>\n","protected":false},"excerpt":{"rendered":"<p>Tratamientos Quir\u00fargicosEl Objetivo del tratamiento quir\u00fargico ser\u00e1 corregir las anomal\u00edas estructurales de la columna vertebral. Los cuales son el origen del dolor o las alteraciones funcionales. Un ejemplo es cuando una hernia discal comprime las estructuras nerviosas y todos los tratamientos no quir\u00fargicos han fracasado, extrayendo el disco herniado permitir\u00e1 eliminar la compresi\u00f3n y aliviar [&hellip;]<\/p>\n","protected":false},"author":1,"featured_media":0,"parent":0,"menu_order":10,"comment_status":"closed","ping_status":"closed","template":"","meta":{"_et_pb_use_builder":"on","_et_pb_old_content":"<!-- wp:divi\/placeholder \/-->","_et_gb_content_width":"","footnotes":""},"class_list":["post-208","page","type-page","status-publish","hentry"],"_links":{"self":[{"href":"https:\/\/drluisreyescolumna.com\/index.php\/wp-json\/wp\/v2\/pages\/208","targetHints":{"allow":["GET"]}}],"collection":[{"href":"https:\/\/drluisreyescolumna.com\/index.php\/wp-json\/wp\/v2\/pages"}],"about":[{"href":"https:\/\/drluisreyescolumna.com\/index.php\/wp-json\/wp\/v2\/types\/page"}],"author":[{"embeddable":true,"href":"https:\/\/drluisreyescolumna.com\/index.php\/wp-json\/wp\/v2\/users\/1"}],"replies":[{"embeddable":true,"href":"https:\/\/drluisreyescolumna.com\/index.php\/wp-json\/wp\/v2\/comments?post=208"}],"version-history":[{"count":8,"href":"https:\/\/drluisreyescolumna.com\/index.php\/wp-json\/wp\/v2\/pages\/208\/revisions"}],"predecessor-version":[{"id":279,"href":"https:\/\/drluisreyescolumna.com\/index.php\/wp-json\/wp\/v2\/pages\/208\/revisions\/279"}],"wp:attachment":[{"href":"https:\/\/drluisreyescolumna.com\/index.php\/wp-json\/wp\/v2\/media?parent=208"}],"curies":[{"name":"wp","href":"https:\/\/api.w.org\/{rel}","templated":true}]}}